{"id":3,"date":"2024-08-05T17:42:24","date_gmt":"2024-08-05T17:42:24","guid":{"rendered":"https:\/\/muellerarb.com\/?page_id=3"},"modified":"2025-01-08T13:41:34","modified_gmt":"2025-01-08T19:41:34","slug":"politica-de-privacidad","status":"publish","type":"page","link":"https:\/\/muellerarb.com\/en\/politica-de-privacidad\/","title":{"rendered":"Privacy Policy"},"content":{"rendered":"<div style=\"height:50px\" aria-hidden=\"true\" class=\"wp-block-spacer\"><\/div>\n\n\n\n<h2 class=\"wp-block-heading\"><strong>Privacy Policy<\/strong><\/h2>\n\n\n\n<p>En Mueller&nbsp;Abogados, S.C. (\u201c<strong>Mueller abogados<\/strong>\u201d) con domicilio en&nbsp;Avenida Ej\u00e9rcito Nacional, N. \u00ba 843-B, Piso 5, Miguel Hidalgo, C.P. 1152, CDMX, M\u00e9xico,&nbsp;valoramos la confidencialidad de los datos personales de los usuarios y reconocemos la importancia&nbsp;de un adecuado tratamiento para salvaguardar su integridad y privacidad.<\/p>\n\n\n\n<p><strong>Mueller abogados<\/strong>&nbsp;es responsable de los datos personales que ha recabado o que recabe de sus usuarios o cualquier otra persona f\u00edsica o moral, del uso que se d\u00e9 a los mismos y de su debida protecci\u00f3n, y se encargar\u00e1 de archivar y salvaguardarlos bajo las m\u00e1s estrictas normas de protecci\u00f3n y confidencialidad.<\/p>\n\n\n\n<p>El presente Aviso de Privacidad (\u201c<strong>Aviso<\/strong>\u201d) tiene como finalidad hacer del conocimiento de sus clientes miembros las medidas mediante las cuales&nbsp;<strong>Mueller abogados<\/strong>&nbsp;garantiza la seguridad de aquellos datos personales que usted pudiera poner a nuestra disposici\u00f3n de conformidad con la Ley Federal de Protecci\u00f3n de Datos Personales en Posesi\u00f3n de Particulares, su Reglamento y los Lineamientos del Aviso de Privacidad publicados en el Diario Oficial de la Federaci\u00f3n.<\/p>\n\n\n\n<div style=\"height:50px\" aria-hidden=\"true\" class=\"wp-block-spacer\"><\/div>\n\n\n\n<p><strong>Datos sometidos a tratamiento<\/strong><\/p>\n\n\n\n<p><strong>Mueller abogados<\/strong>&nbsp;podr\u00e1 obtener datos personales directamente que sean entregados por usted, de forma personal o a trav\u00e9s de medios electr\u00f3nicos o correspondencia. En algunos casos tambi\u00e9n podr\u00e1 obtener dichos datos de forma indirecta a trav\u00e9s de terceros u otras fuentes.<\/p>\n\n\n\n<p>Los datos personales que&nbsp;<strong>Mueller abogados<\/strong>&nbsp;puede obtener y utilizar son los siguientes: i) identidad: nombre, domicilio, nacionalidad, fecha y lugar de nacimiento, edad, sexo, estado civil, registro federal de contribuyentes (RFC), clave \u00fanica de registro de poblaci\u00f3n (CURP), tel\u00e9fono particular, tel\u00e9fono celular y correo electr\u00f3nico; y ii) patrimoniales y\/o financieros: informaci\u00f3n de cuentas bancarias y\/o formas de pago.<\/p>\n\n\n\n<div style=\"height:50px\" aria-hidden=\"true\" class=\"wp-block-spacer\"><\/div>\n\n\n\n<p><strong>Finalidad del tratamiento de datos<\/strong><\/p>\n\n\n\n<p>La finalidad de la obtenci\u00f3n y tratamiento de sus datos personales es la de prestar adecuadamente nuestros servicios en su beneficio. De las acciones que esto implica se incluyen:<\/p>\n\n\n\n<p>A)&nbsp;Primarias: i) control interno, incluyendo el reporte sobre la situaci\u00f3n y estado de los asuntos que sean llevados por&nbsp;<strong>Mueller abogados<\/strong>; ii) fiscales y\/o de facturaci\u00f3n; iii) para dar respuesta a sus dudas y comentarios enviados a trav\u00e9s de nuestro sitio web; y iv) establecer contacto para posibles procesos nombramiento.<\/p>\n\n\n\n<p>B)&nbsp;Secundarias: i) fines comerciales y\/o mercadol\u00f3gicos incluyendo la entrega de informaci\u00f3n de servicios y eventos; y ii) fines estad\u00edsticos.<\/p>\n\n\n\n<p>Sus datos ser\u00e1n utilizados estrictamente para estos fines.<\/p>\n\n\n\n<div style=\"height:50px\" aria-hidden=\"true\" class=\"wp-block-spacer\"><\/div>\n\n\n\n<p><strong>Transferencia de datos personales<\/strong><\/p>\n\n\n\n<p>Por regla general, sus datos personales no ser\u00e1n transferidos a ninguna otra persona o entidad, y permanecer\u00e1n salvaguardados en nuestra base de datos. Sin embargo, existe la posibilidad de que parte de sus datos sean transmitidos a terceros que tambi\u00e9n presten servicios a&nbsp;<strong>Mueller abogados<\/strong>&nbsp;en materia contable y\/o jur\u00eddica. En caso de que esta transferencia llegase a ocurrir,&nbsp;<strong>Mueller abogados<\/strong>&nbsp;comunicar\u00e1 el presente Aviso a dichos terceros, quienes deber\u00e1n apegarse al mismo. En los dem\u00e1s casos sus datos s\u00f3lo podr\u00e1n ser transferidos con su consentimiento. No obstante, sus datos personales podr\u00e1n ser transferidos sin necesidad de obtener su consentimiento en los casos previstos en la Ley Federal de Protecci\u00f3n de Datos Personales en Posesi\u00f3n de los Particulares.<\/p>\n\n\n\n<div style=\"height:50px\" aria-hidden=\"true\" class=\"wp-block-spacer\"><\/div>\n\n\n\n<p><strong>Derechos ARCO<\/strong><\/p>\n\n\n\n<p>En cualquier momento usted podr\u00e1 Acceder, Rectificar, Cancelar u Oponerse al consentimiento otorgado a&nbsp;<strong>Mueller abogados<\/strong>&nbsp;para el tratamiento y uso de sus datos personales mediante petici\u00f3n por escrito a:&nbsp;<a href=\"mailto:info@muellerarb.com\">info@muellerarb.com<\/a><\/p>\n\n\n\n<p>La petici\u00f3n deber\u00e1 incluir por lo menos, i) su nombre completo; ii) en su caso, denominaci\u00f3n o raz\u00f3n social; iii) direcci\u00f3n de correo electr\u00f3nico; iv) tel\u00e9fono; v) datos personales sobre los cuales desea acceder, rectificar, cancelar u oponerse, y; vi) raz\u00f3n por la hace su petici\u00f3n de ARCO.<\/p>\n\n\n\n<p>Presentada su solicitud&nbsp;<strong>Mueller abogados<\/strong>&nbsp;comunicar\u00e1 su respuesta en un plazo m\u00e1ximo de 20 d\u00edas h\u00e1biles, contados desde la fecha en que se recibi\u00f3 dicha solicitud. En caso de requerir mayor informaci\u00f3n y\/o documentaci\u00f3n necesaria,&nbsp;<strong>Mueller abogados<\/strong>&nbsp;se pondr\u00e1 en contacto con usted en un plazo de 5 d\u00edas h\u00e1biles contados desde la fecha de recepci\u00f3n de su solicitud. Usted contar\u00e1 con 10 d\u00edas h\u00e1biles posteriores a dicha comunicaci\u00f3n, para atender el requerimiento de que se trate, de lo contrario su solicitud se tendr\u00e1 por no presentada.<\/p>\n\n\n\n<p>En caso de que la solicitud sea procedente,&nbsp;<strong>Mueller abogados<\/strong>&nbsp;tendr\u00e1 un plazo de 15 d\u00edas h\u00e1biles para implementarla. De conformidad con la Ley Federal de Protecci\u00f3n de Datos Personales en Posesi\u00f3n de los Particulares los plazos de resoluci\u00f3n e implementaci\u00f3n de la misma podr\u00e1n ser ampliados una sola vez en caso de ser necesario, lo cual le ser\u00e1 notificado a usted como titular de los datos personales o su representante legal a trav\u00e9s de los medios de contacto que haya establecido,&nbsp;<strong>Mueller abogados<\/strong>&nbsp;se\u00f1alar\u00e1 las razones de dicha ampliaci\u00f3n.<\/p>\n\n\n\n<p>Trat\u00e1ndose de una solicitud de Acceso a sus datos personales,&nbsp;<strong>Mueller abogados<\/strong>&nbsp;le otorgar\u00e1 una copia simple de los datos que tenga a su disposici\u00f3n a trav\u00e9s de medios electr\u00f3nicos o correspondencia tradicional dentro del mismo plazo m\u00e1ximo de 20 d\u00edas h\u00e1biles antes se\u00f1alado.<\/p>\n\n\n\n<div style=\"height:50px\" aria-hidden=\"true\" class=\"wp-block-spacer\"><\/div>\n\n\n\n<p><strong>L\u00edmites al uso y\/o divulgaci\u00f3n de sus datos personales<\/strong><\/p>\n\n\n\n<p>En caso de que requiera limitar el uso o divulgaci\u00f3n de sus datos personales, deber\u00e1 solicitarlo siguiendo el mismo procedimiento establecido para el ejercicio de los derechos ARCO.<\/p>\n\n\n\n<div style=\"height:50px\" aria-hidden=\"true\" class=\"wp-block-spacer\"><\/div>\n\n\n\n<p><strong>Cambios al Aviso de Privacidad<\/strong><\/p>\n\n\n\n<p>En caso de que&nbsp;<strong>Mueller abogados<\/strong>, por cualquier motivo llegara a realizar alg\u00fan cambio o modificaci\u00f3n total o parcial al presente Aviso, lo llevar\u00e1 a cabo por este medio.<\/p>\n\n\n\n<div style=\"height:50px\" aria-hidden=\"true\" class=\"wp-block-spacer\"><\/div>\n\n\n\n<p><strong>Contact<\/strong><\/p>\n\n\n\n<p><strong>Mueller <\/strong><strong>abogados&nbsp;<\/strong>pone a su disposici\u00f3n el siguiente medio de contacto para cualquier duda o aclaraci\u00f3n en relaci\u00f3n al presente Aviso:<\/p>\n\n\n\n<p>Direcci\u00f3n: Avenida Ej\u00e9rcito Nacional, N. \u00ba 843-B, Piso 5, Miguel Hidalgo, C.P. 1152, CDMX, M\u00e9xico.<br>Correo:&nbsp;<a href=\"mailto:info@muellerarb.com\">info@muellerarb.com<\/a><br>Tel\u00e9fono: +52 (55) 8000-1750<\/p>\n\n\n\n<div style=\"height:25px\" aria-hidden=\"true\" class=\"wp-block-spacer\"><\/div>\n\n\n\n<p><em>Actualizado al 08 de Agosto del 2024<\/em><\/p>\n\n\n\n<div style=\"height:150px\" aria-hidden=\"true\" class=\"wp-block-spacer\"><\/div>","protected":false},"excerpt":{"rendered":"<p>Pol\u00edtica de Privacidad En Mueller&nbsp;Abogados, S.C. (\u201cMueller abogados\u201d) con domicilio en&nbsp;Avenida Ej\u00e9rcito Nacional, N. \u00ba 843-B, Piso 5, Miguel Hidalgo, C.P. 1152, [&hellip;]<\/p>","protected":false},"author":1,"featured_media":0,"parent":0,"menu_order":0,"comment_status":"closed","ping_status":"closed","template":"","meta":{"footnotes":""},"class_list":["post-3","page","type-page","status-publish","hentry"],"yoast_head":"<!-- This site is optimized with the Yoast SEO plugin v27.6 - https:\/\/yoast.com\/product\/yoast-seo-wordpress\/ -->\n<title>Pol\u00edtica de Privacidad - Christa Mueller - Abogada Experta en Arbitraje Internacional | Especialista en Energ\u00eda, Hidrocarburos e Infraestructura<\/title>\n<meta name=\"description\" content=\"Consulta la pol\u00edtica de privacidad de Mueller Abogados. Descubre c\u00f3mo protegemos tus datos personales con transparencia y compromiso conforme a la ley.\" \/>\n<meta name=\"robots\" content=\"index, follow, max-snippet:-1, max-image-preview:large, max-video-preview:-1\" \/>\n<link rel=\"canonical\" href=\"https:\/\/muellerarb.com\/en\/politica-de-privacidad\/\" \/>\n<meta property=\"og:locale\" content=\"en_US\" \/>\n<meta property=\"og:type\" content=\"article\" \/>\n<meta property=\"og:title\" content=\"Pol\u00edtica de Privacidad - Christa Mueller - Abogada Experta en Arbitraje Internacional | Especialista en Energ\u00eda, Hidrocarburos e Infraestructura\" \/>\n<meta property=\"og:description\" content=\"Consulta la pol\u00edtica de privacidad de Mueller Abogados. Descubre c\u00f3mo protegemos tus datos personales con transparencia y compromiso conforme a la ley.\" \/>\n<meta property=\"og:url\" content=\"https:\/\/muellerarb.com\/en\/politica-de-privacidad\/\" \/>\n<meta property=\"og:site_name\" content=\"Christa Mueller - Abogada Experta en Arbitraje Internacional | Especialista en Energ\u00eda, Hidrocarburos e Infraestructura\" \/>\n<meta property=\"article:modified_time\" content=\"2025-01-08T19:41:34+00:00\" \/>\n<meta property=\"og:image\" content=\"https:\/\/muellerarb.com\/wp-content\/uploads\/2024\/09\/Chrita-Mueller-Garcia.jpg\" \/>\n\t<meta property=\"og:image:width\" content=\"1200\" \/>\n\t<meta property=\"og:image:height\" content=\"675\" \/>\n\t<meta property=\"og:image:type\" content=\"image\/jpeg\" \/>\n<meta name=\"twitter:card\" content=\"summary_large_image\" \/>\n<meta name=\"twitter:label1\" content=\"Est. reading time\" \/>\n\t<meta name=\"twitter:data1\" content=\"5 minutes\" \/>\n<script type=\"application\/ld+json\" class=\"yoast-schema-graph\">{\"@context\":\"https:\\\/\\\/schema.org\",\"@graph\":[{\"@type\":\"WebPage\",\"@id\":\"https:\\\/\\\/muellerarb.com\\\/politica-de-privacidad\\\/\",\"url\":\"https:\\\/\\\/muellerarb.com\\\/politica-de-privacidad\\\/\",\"name\":\"Pol\u00edtica de Privacidad - Christa Mueller - Abogada Experta en Arbitraje Internacional | Especialista en Energ\u00eda, Hidrocarburos e Infraestructura\",\"isPartOf\":{\"@id\":\"https:\\\/\\\/muellerarb.com\\\/#website\"},\"datePublished\":\"2024-08-05T17:42:24+00:00\",\"dateModified\":\"2025-01-08T19:41:34+00:00\",\"description\":\"Consulta la pol\u00edtica de privacidad de Mueller Abogados. Descubre c\u00f3mo protegemos tus datos personales con transparencia y compromiso conforme a la ley.\",\"breadcrumb\":{\"@id\":\"https:\\\/\\\/muellerarb.com\\\/politica-de-privacidad\\\/#breadcrumb\"},\"inLanguage\":\"en-US\",\"potentialAction\":[{\"@type\":\"ReadAction\",\"target\":[\"https:\\\/\\\/muellerarb.com\\\/politica-de-privacidad\\\/\"]}]},{\"@type\":\"BreadcrumbList\",\"@id\":\"https:\\\/\\\/muellerarb.com\\\/politica-de-privacidad\\\/#breadcrumb\",\"itemListElement\":[{\"@type\":\"ListItem\",\"position\":1,\"name\":\"Home\",\"item\":\"https:\\\/\\\/muellerarb.com\\\/\"},{\"@type\":\"ListItem\",\"position\":2,\"name\":\"Pol\u00edtica de Privacidad\"}]},{\"@type\":\"WebSite\",\"@id\":\"https:\\\/\\\/muellerarb.com\\\/#website\",\"url\":\"https:\\\/\\\/muellerarb.com\\\/\",\"name\":\"Christa Mueller Garc\u00eda | Arbitro Internacional\",\"description\":\"\u25b6\ufe0f Christa Mueller, abogada triling\u00fce con base en Ciudad de M\u00e9xico, especialista en arbitraje legal para empresas de energ\u00eda, hidrocarburos e infraestructura a nivel internacional.\",\"publisher\":{\"@id\":\"https:\\\/\\\/muellerarb.com\\\/#\\\/schema\\\/person\\\/2d378d10f897e07a87d961537a8c1740\"},\"alternateName\":\"Christa Mueller Arbitration\",\"potentialAction\":[{\"@type\":\"SearchAction\",\"target\":{\"@type\":\"EntryPoint\",\"urlTemplate\":\"https:\\\/\\\/muellerarb.com\\\/?s={search_term_string}\"},\"query-input\":{\"@type\":\"PropertyValueSpecification\",\"valueRequired\":true,\"valueName\":\"search_term_string\"}}],\"inLanguage\":\"en-US\"},{\"@type\":[\"Person\",\"Organization\"],\"@id\":\"https:\\\/\\\/muellerarb.com\\\/#\\\/schema\\\/person\\\/2d378d10f897e07a87d961537a8c1740\",\"name\":\"Christa Mueller\",\"image\":{\"@type\":\"ImageObject\",\"inLanguage\":\"en-US\",\"@id\":\"https:\\\/\\\/muellerarb.com\\\/wp-content\\\/uploads\\\/2024\\\/01\\\/Mueller-logo-principal-1-1.svg\",\"url\":\"https:\\\/\\\/muellerarb.com\\\/wp-content\\\/uploads\\\/2024\\\/01\\\/Mueller-logo-principal-1-1.svg\",\"contentUrl\":\"https:\\\/\\\/muellerarb.com\\\/wp-content\\\/uploads\\\/2024\\\/01\\\/Mueller-logo-principal-1-1.svg\",\"width\":819,\"height\":300,\"caption\":\"Christa Mueller\"},\"logo\":{\"@id\":\"https:\\\/\\\/muellerarb.com\\\/wp-content\\\/uploads\\\/2024\\\/01\\\/Mueller-logo-principal-1-1.svg\"},\"sameAs\":[\"https:\\\/\\\/muellerarb.com\"]}]}<\/script>\n<!-- \/ Yoast SEO plugin. -->","yoast_head_json":{"title":"Pol\u00edtica de Privacidad - Christa Mueller - Abogada Experta en Arbitraje Internacional | Especialista en Energ\u00eda, Hidrocarburos e Infraestructura","description":"Consulta la pol\u00edtica de privacidad de Mueller Abogados. Descubre c\u00f3mo protegemos tus datos personales con transparencia y compromiso conforme a la ley.","robots":{"index":"index","follow":"follow","max-snippet":"max-snippet:-1","max-image-preview":"max-image-preview:large","max-video-preview":"max-video-preview:-1"},"canonical":"https:\/\/muellerarb.com\/en\/politica-de-privacidad\/","og_locale":"en_US","og_type":"article","og_title":"Pol\u00edtica de Privacidad - Christa Mueller - Abogada Experta en Arbitraje Internacional | Especialista en Energ\u00eda, Hidrocarburos e Infraestructura","og_description":"Consulta la pol\u00edtica de privacidad de Mueller Abogados. Descubre c\u00f3mo protegemos tus datos personales con transparencia y compromiso conforme a la ley.","og_url":"https:\/\/muellerarb.com\/en\/politica-de-privacidad\/","og_site_name":"Christa Mueller - Abogada Experta en Arbitraje Internacional | Especialista en Energ\u00eda, Hidrocarburos e Infraestructura","article_modified_time":"2025-01-08T19:41:34+00:00","og_image":[{"width":1200,"height":675,"url":"https:\/\/muellerarb.com\/wp-content\/uploads\/2024\/09\/Chrita-Mueller-Garcia.jpg","type":"image\/jpeg"}],"twitter_card":"summary_large_image","twitter_misc":{"Est. reading time":"5 minutes"},"schema":{"@context":"https:\/\/schema.org","@graph":[{"@type":"WebPage","@id":"https:\/\/muellerarb.com\/politica-de-privacidad\/","url":"https:\/\/muellerarb.com\/politica-de-privacidad\/","name":"Pol\u00edtica de Privacidad - Christa Mueller - Abogada Experta en Arbitraje Internacional | Especialista en Energ\u00eda, Hidrocarburos e Infraestructura","isPartOf":{"@id":"https:\/\/muellerarb.com\/#website"},"datePublished":"2024-08-05T17:42:24+00:00","dateModified":"2025-01-08T19:41:34+00:00","description":"Consulta la pol\u00edtica de privacidad de Mueller Abogados. Descubre c\u00f3mo protegemos tus datos personales con transparencia y compromiso conforme a la ley.","breadcrumb":{"@id":"https:\/\/muellerarb.com\/politica-de-privacidad\/#breadcrumb"},"inLanguage":"en-US","potentialAction":[{"@type":"ReadAction","target":["https:\/\/muellerarb.com\/politica-de-privacidad\/"]}]},{"@type":"BreadcrumbList","@id":"https:\/\/muellerarb.com\/politica-de-privacidad\/#breadcrumb","itemListElement":[{"@type":"ListItem","position":1,"name":"Home","item":"https:\/\/muellerarb.com\/"},{"@type":"ListItem","position":2,"name":"Pol\u00edtica de Privacidad"}]},{"@type":"WebSite","@id":"https:\/\/muellerarb.com\/#website","url":"https:\/\/muellerarb.com\/","name":"Christa Mueller Garc\u00eda | Arbitro Internacional","description":"\u25b6\ufe0f Christa Mueller, abogada triling\u00fce con base en Ciudad de M\u00e9xico, especialista en arbitraje legal para empresas de energ\u00eda, hidrocarburos e infraestructura a nivel internacional.","publisher":{"@id":"https:\/\/muellerarb.com\/#\/schema\/person\/2d378d10f897e07a87d961537a8c1740"},"alternateName":"Christa Mueller Arbitration","potentialAction":[{"@type":"SearchAction","target":{"@type":"EntryPoint","urlTemplate":"https:\/\/muellerarb.com\/?s={search_term_string}"},"query-input":{"@type":"PropertyValueSpecification","valueRequired":true,"valueName":"search_term_string"}}],"inLanguage":"en-US"},{"@type":["Person","Organization"],"@id":"https:\/\/muellerarb.com\/#\/schema\/person\/2d378d10f897e07a87d961537a8c1740","name":"Christa Mueller","image":{"@type":"ImageObject","inLanguage":"en-US","@id":"https:\/\/muellerarb.com\/wp-content\/uploads\/2024\/01\/Mueller-logo-principal-1-1.svg","url":"https:\/\/muellerarb.com\/wp-content\/uploads\/2024\/01\/Mueller-logo-principal-1-1.svg","contentUrl":"https:\/\/muellerarb.com\/wp-content\/uploads\/2024\/01\/Mueller-logo-principal-1-1.svg","width":819,"height":300,"caption":"Christa Mueller"},"logo":{"@id":"https:\/\/muellerarb.com\/wp-content\/uploads\/2024\/01\/Mueller-logo-principal-1-1.svg"},"sameAs":["https:\/\/muellerarb.com"]}]}},"_links":{"self":[{"href":"https:\/\/muellerarb.com\/en\/wp-json\/wp\/v2\/pages\/3","targetHints":{"allow":["GET"]}}],"collection":[{"href":"https:\/\/muellerarb.com\/en\/wp-json\/wp\/v2\/pages"}],"about":[{"href":"https:\/\/muellerarb.com\/en\/wp-json\/wp\/v2\/types\/page"}],"author":[{"embeddable":true,"href":"https:\/\/muellerarb.com\/en\/wp-json\/wp\/v2\/users\/1"}],"replies":[{"embeddable":true,"href":"https:\/\/muellerarb.com\/en\/wp-json\/wp\/v2\/comments?post=3"}],"version-history":[{"count":8,"href":"https:\/\/muellerarb.com\/en\/wp-json\/wp\/v2\/pages\/3\/revisions"}],"predecessor-version":[{"id":1757,"href":"https:\/\/muellerarb.com\/en\/wp-json\/wp\/v2\/pages\/3\/revisions\/1757"}],"wp:attachment":[{"href":"https:\/\/muellerarb.com\/en\/wp-json\/wp\/v2\/media?parent=3"}],"curies":[{"name":"wp","href":"https:\/\/api.w.org\/{rel}","templated":true}]}}