{"id":1019,"date":"2024-08-10T13:26:44","date_gmt":"2024-08-10T19:26:44","guid":{"rendered":"https:\/\/muellerarb.com\/?page_id=1019"},"modified":"2025-08-18T16:33:00","modified_gmt":"2025-08-18T22:33:00","slug":"contacto","status":"publish","type":"page","link":"https:\/\/muellerarb.com\/en\/contacto\/","title":{"rendered":"Contact"},"content":{"rendered":"<div data-elementor-type=\"wp-page\" data-elementor-id=\"1019\" class=\"elementor elementor-1019\" data-elementor-settings=\"{&quot;element_pack_global_tooltip_width&quot;:{&quot;unit&quot;:&quot;px&quot;,&quot;size&quot;:&quot;&quot;,&quot;sizes&quot;:[]},&quot;element_pack_global_tooltip_width_widescreen&quot;:{&quot;unit&quot;:&quot;px&quot;,&quot;size&quot;:&quot;&quot;,&quot;sizes&quot;:[]},&quot;element_pack_global_tooltip_width_laptop&quot;:{&quot;unit&quot;:&quot;px&quot;,&quot;size&quot;:&quot;&quot;,&quot;sizes&quot;:[]},&quot;element_pack_global_tooltip_width_tablet&quot;:{&quot;unit&quot;:&quot;px&quot;,&quot;size&quot;:&quot;&quot;,&quot;sizes&quot;:[]},&quot;element_pack_global_tooltip_width_mobile_extra&quot;:{&quot;unit&quot;:&quot;px&quot;,&quot;size&quot;:&quot;&quot;,&quot;sizes&quot;:[]},&quot;element_pack_global_tooltip_width_mobile&quot;:{&quot;unit&quot;:&quot;px&quot;,&quot;size&quot;:&quot;&quot;,&quot;sizes&quot;:[]},&quot;element_pack_global_tooltip_padding&quot;:{&quot;unit&quot;:&quot;px&quot;,&quot;top&quot;:&quot;&quot;,&quot;right&quot;:&quot;&quot;,&quot;bottom&quot;:&quot;&quot;,&quot;left&quot;:&quot;&quot;,&quot;isLinked&quot;:true},&quot;element_pack_global_tooltip_padding_widescreen&quot;:{&quot;unit&quot;:&quot;px&quot;,&quot;top&quot;:&quot;&quot;,&quot;right&quot;:&quot;&quot;,&quot;bottom&quot;:&quot;&quot;,&quot;left&quot;:&quot;&quot;,&quot;isLinked&quot;:true},&quot;element_pack_global_tooltip_padding_laptop&quot;:{&quot;unit&quot;:&quot;px&quot;,&quot;top&quot;:&quot;&quot;,&quot;right&quot;:&quot;&quot;,&quot;bottom&quot;:&quot;&quot;,&quot;left&quot;:&quot;&quot;,&quot;isLinked&quot;:true},&quot;element_pack_global_tooltip_padding_tablet&quot;:{&quot;unit&quot;:&quot;px&quot;,&quot;top&quot;:&quot;&quot;,&quot;right&quot;:&quot;&quot;,&quot;bottom&quot;:&quot;&quot;,&quot;left&quot;:&quot;&quot;,&quot;isLinked&quot;:true},&quot;element_pack_global_tooltip_padding_mobile_extra&quot;:{&quot;unit&quot;:&quot;px&quot;,&quot;top&quot;:&quot;&quot;,&quot;right&quot;:&quot;&quot;,&quot;bottom&quot;:&quot;&quot;,&quot;left&quot;:&quot;&quot;,&quot;isLinked&quot;:true},&quot;element_pack_global_tooltip_padding_mobile&quot;:{&quot;unit&quot;:&quot;px&quot;,&quot;top&quot;:&quot;&quot;,&quot;right&quot;:&quot;&quot;,&quot;bottom&quot;:&quot;&quot;,&quot;left&quot;:&quot;&quot;,&quot;isLinked&quot;:true},&quot;element_pack_global_tooltip_border_radius&quot;:{&quot;unit&quot;:&quot;px&quot;,&quot;top&quot;:&quot;&quot;,&quot;right&quot;:&quot;&quot;,&quot;bottom&quot;:&quot;&quot;,&quot;left&quot;:&quot;&quot;,&quot;isLinked&quot;:true},&quot;element_pack_global_tooltip_border_radius_widescreen&quot;:{&quot;unit&quot;:&quot;px&quot;,&quot;top&quot;:&quot;&quot;,&quot;right&quot;:&quot;&quot;,&quot;bottom&quot;:&quot;&quot;,&quot;left&quot;:&quot;&quot;,&quot;isLinked&quot;:true},&quot;element_pack_global_tooltip_border_radius_laptop&quot;:{&quot;unit&quot;:&quot;px&quot;,&quot;top&quot;:&quot;&quot;,&quot;right&quot;:&quot;&quot;,&quot;bottom&quot;:&quot;&quot;,&quot;left&quot;:&quot;&quot;,&quot;isLinked&quot;:true},&quot;element_pack_global_tooltip_border_radius_tablet&quot;:{&quot;unit&quot;:&quot;px&quot;,&quot;top&quot;:&quot;&quot;,&quot;right&quot;:&quot;&quot;,&quot;bottom&quot;:&quot;&quot;,&quot;left&quot;:&quot;&quot;,&quot;isLinked&quot;:true},&quot;element_pack_global_tooltip_border_radius_mobile_extra&quot;:{&quot;unit&quot;:&quot;px&quot;,&quot;top&quot;:&quot;&quot;,&quot;right&quot;:&quot;&quot;,&quot;bottom&quot;:&quot;&quot;,&quot;left&quot;:&quot;&quot;,&quot;isLinked&quot;:true},&quot;element_pack_global_tooltip_border_radius_mobile&quot;:{&quot;unit&quot;:&quot;px&quot;,&quot;top&quot;:&quot;&quot;,&quot;right&quot;:&quot;&quot;,&quot;bottom&quot;:&quot;&quot;,&quot;left&quot;:&quot;&quot;,&quot;isLinked&quot;:true}}\" data-elementor-post-type=\"page\">\n\t\t\t\t\t\t<section class=\"elementor-section elementor-top-section elementor-element elementor-element-36380b7a elementor-section-boxed elementor-section-height-default elementor-section-height-default\" data-id=\"36380b7a\" data-element_type=\"section\" data-e-type=\"section\">\n\t\t\t\t\t\t<div class=\"elementor-container elementor-column-gap-default\">\n\t\t\t\t\t<div class=\"elementor-column elementor-col-33 elementor-top-column elementor-element elementor-element-1b9a729c elementor-invisible\" data-id=\"1b9a729c\" data-element_type=\"column\" data-e-type=\"column\" data-settings=\"{&quot;animation&quot;:&quot;fadeInRight&quot;}\">\n\t\t\t<div class=\"elementor-widget-wrap elementor-element-populated\">\n\t\t\t\t\t\t<div class=\"elementor-element elementor-element-2e1b3814 elementor-widget-mobile__width-initial  ui-split-animate elementor-widget-laptop__width-initial ui-splitby-chars elementor-widget elementor-widget-heading\" data-id=\"2e1b3814\" data-element_type=\"widget\" data-e-type=\"widget\" data-settings=\"{&quot;ui_animate_split&quot;:&quot;ui-split-animate&quot;,&quot;ui_animate_split_by&quot;:&quot;chars&quot;,&quot;ui_animate_split_style&quot;:&quot;fadeInUp&quot;}\" data-widget_type=\"heading.default\">\n\t\t\t\t<div class=\"elementor-widget-container\">\n\t\t\t\t\t<h2 class=\"elementor-heading-title elementor-size-default\">Contact<\/h2>\t\t\t\t<\/div>\n\t\t\t\t<\/div>\n\t\t\t\t<div class=\"elementor-element elementor-element-28985cdf  ui-split-animate ui-splitby-chars elementor-widget elementor-widget-heading\" data-id=\"28985cdf\" data-element_type=\"widget\" data-e-type=\"widget\" data-settings=\"{&quot;ui_animate_split&quot;:&quot;ui-split-animate&quot;,&quot;ui_animate_split_by&quot;:&quot;chars&quot;,&quot;ui_animate_split_style&quot;:&quot;fadeInUp&quot;}\" data-widget_type=\"heading.default\">\n\t\t\t\t<div class=\"elementor-widget-container\">\n\t\t\t\t\t<h5 class=\"elementor-heading-title elementor-size-default\">Antara Corporate Tower I<\/h5>\t\t\t\t<\/div>\n\t\t\t\t<\/div>\n\t\t\t\t<div class=\"elementor-element elementor-element-a7397a2 elementor-widget-mobile__width-initial elementor-widget-laptop__width-initial elementor-invisible elementor-widget elementor-widget-text-editor\" data-id=\"a7397a2\" data-element_type=\"widget\" data-e-type=\"widget\" data-settings=\"{&quot;_animation&quot;:&quot;fadeInUp&quot;,&quot;_animation_delay&quot;:&quot;500&quot;}\" data-widget_type=\"text-editor.default\">\n\t\t\t\t<div class=\"elementor-widget-container\">\n\t\t\t\t\t\t\t\t\t<p>Avenue Ej\u00e9rcito Nacional #843-B, Floor 5-A, Miguel Hidalgo, C.P. 11520, CDMX, Mexico.\u00a0<\/p>\t\t\t\t\t\t\t\t<\/div>\n\t\t\t\t<\/div>\n\t\t\t\t<div class=\"elementor-element elementor-element-4c12893e  ui-split-animate ui-splitby-chars elementor-widget elementor-widget-heading\" data-id=\"4c12893e\" data-element_type=\"widget\" data-e-type=\"widget\" data-settings=\"{&quot;ui_animate_split&quot;:&quot;ui-split-animate&quot;,&quot;ui_animate_split_by&quot;:&quot;chars&quot;,&quot;ui_animate_split_style&quot;:&quot;fadeInUp&quot;}\" data-widget_type=\"heading.default\">\n\t\t\t\t<div class=\"elementor-widget-container\">\n\t\t\t\t\t<h4 class=\"elementor-heading-title elementor-size-default\"><a href=\"tel:+525580001750\">+52 (55) 800 017 50<\/a><\/h4>\t\t\t\t<\/div>\n\t\t\t\t<\/div>\n\t\t\t\t<div class=\"elementor-element elementor-element-fc83a0a elementor-widget-mobile__width-initial elementor-invisible elementor-widget elementor-widget-text-editor\" data-id=\"fc83a0a\" data-element_type=\"widget\" data-e-type=\"widget\" data-settings=\"{&quot;_animation&quot;:&quot;fadeInUp&quot;,&quot;_animation_delay&quot;:&quot;500&quot;}\" data-widget_type=\"text-editor.default\">\n\t\t\t\t<div class=\"elementor-widget-container\">\n\t\t\t\t\t\t\t\t\t<p><span style=\"color: #000000;\"><a class=\"wixui-rich-text__text\" style=\"color: #000000;\" href=\"mailto:cmueller@muellerarb.com.rnx\" target=\"_blank\" rel=\"noopener\"><span class=\"wixui-rich-text__text\">cmueller@muellerarb.com<\/span><\/a><\/span><\/p>\t\t\t\t\t\t\t\t<\/div>\n\t\t\t\t<\/div>\n\t\t\t\t\t<\/div>\n\t\t<\/div>\n\t\t\t\t<div class=\"elementor-column elementor-col-66 elementor-top-column elementor-element elementor-element-5375b809 elementor-invisible\" data-id=\"5375b809\" data-element_type=\"column\" data-e-type=\"column\" data-settings=\"{&quot;animation&quot;:&quot;fadeInLeft&quot;}\">\n\t\t\t<div class=\"elementor-widget-wrap elementor-element-populated\">\n\t\t\t\t\t\t<div class=\"elementor-element elementor-element-3dd9f563 elementor-button-align-stretch elementor-widget-tablet__width-initial elementor-widget-mobile__width-initial elementor-widget elementor-widget-bdt-contact-form\" data-id=\"3dd9f563\" data-element_type=\"widget\" data-e-type=\"widget\" data-widget_type=\"bdt-contact-form.default\">\n\t\t\t\t<div class=\"elementor-widget-container\">\n\t\t\t\t\t\t\t<div class=\"bdt-contact-form bdt-contact-form-skin-default\">\n\t\t\t<div class=\"elementor-form-fields-wrapper\">\n\t\t\t\t\t\t<div class=\"bdt-contact-form-wrapper\">\n\t\t\t<form class=\"bdt-contact-form-form bdt-form-stacked bdt-grid bdt-grid-small without-recaptcha\" data-bdt-grid=\"\" action=\"https:\/\/muellerarb.com\/wp-admin\/admin-ajax.php\" method=\"post\">\n\n\t\t\t\t\n\t\t\t\t\t<div class=\"bdt-field-group elementor-field-required bdt-width-1-2@m bdt-name-email-inline\">\n\t\t\t\t\t\t<label for=\"user_name3dd9f563\" class=\"bdt-form-label\">Name*<\/label><div class=\"bdt-form-controls\"><input type=\"text\" name=\"name\" id=\"user_name3dd9f563\" placeholder=\"Full name\" class=\"bdt-input bdt-form-default\" required =\"required\"><\/div>\t\t\t\t\t<\/div>\n\n\t\t\t\t\t<div class=\"bdt-field-group elementor-field-required bdt-width-1-2@m bdt-name-email-inline\">\n\t\t\t\t\t\t<label for=\"email3dd9f563\" class=\"bdt-form-label\">Email*<\/label><div class=\"bdt-form-controls\"><input type=\"email\" name=\"email\" id=\"email3dd9f563\" placeholder=\"Email Address\" class=\"bdt-input bdt-form-default\" required=\"required\"><\/div>\t\t\t\t\t<\/div>\n\n\t\t\t\t\t\t\t\t\t\t\t<div class=\"bdt-field-group bdt-width-1-1 elementor-field-required\">\n\t\t\t\t\t\t\t<label for=\"contact3dd9f563\" class=\"bdt-form-label\">Phone*<\/label><div class=\"bdt-form-controls\"><input type=\"tel\" name=\"contact\" id=\"contact3dd9f563\" placeholder=\"Your Contact Number\" class=\"bdt-input bdt-form-default\"><\/div>\t\t\t\t\t\t<\/div>\n\t\t\t\t\t\n\t\t\t\t\t\n\t\t\t\t\t\n\t\t\t\t\t\t\t\t\t\t\t<div class=\"bdt-field-group bdt-width-1-1 elementor-field-required\">\n\t\t\t\t\t\t\t<label for=\"message3dd9f563\" class=\"bdt-form-label\"><\/label><div class=\"bdt-form-controls\"><textarea name=\"message\" id=\"message3dd9f563\" rows=\"5\" placeholder=\"Message\" class=\"bdt-textarea bdt-form-default\" required=\"required\"><\/textarea><\/div>\t\t\t\t\t\t<\/div>\n\t\t\t\t\t\n\t\t\t\t\t\n\n\t\t\t\t\t\n\t\t\t\t\t\n\t\t\t\t\t<input type=\"hidden\" class=\"widget_id\" name=\"widget_id\" value=\"3dd9f563\" \/>\n\t\t\t\t\t<input type=\"hidden\" name=\"bdt-sf-3dd9f563\" value=\"true\" \/>\n\t\t\t\t\t<input type=\"hidden\" class=\"page_id\" name=\"page_id\" value=\"1019\" \/>\n\n\t\t\t\t\t<div class=\"elementor-field-type-submit bdt-field-group bdt-flex bdt-width-1-1\">\n\t\t\t\t\t\t<button type=\"submit\" class=\"elementor-button bdt-button bdt-button-primary\" name=\"submit\">\n\t\t\t\t\t\t\t\t\t\t\t\t\t\t\t<span>\n\t\t\t\t\t\t\t\t\tSend\t\t\t\t\t\t\t\t<\/span>\n\t\t\t\t\t\t\t\t\t\t\t\t\t<\/button>\n\t\t\t\t\t<\/div>\n\n\t\t\t\t\t<input name=\"_wpnonce\" value=\"cb7b974e29\" type=\"hidden\">\n\n\t\t\t\t\t<input type=\"hidden\" name=\"action\" value=\"element_pack_contact_form\" \/>\n\n\t\t\t\t\t\n\t\t\t<\/form>\n\t\t<\/div>\n\t\t\t\t\t<\/div>\n\t\t<\/div>\n\t\t\t\t\t\t<\/div>\n\t\t\t\t<\/div>\n\t\t\t\t\t<\/div>\n\t\t<\/div>\n\t\t\t\t\t<\/div>\n\t\t<\/section>\n\t\t\t\t<section class=\"elementor-section elementor-top-section elementor-element elementor-element-8f8a166 elementor-section-boxed elementor-section-height-default elementor-section-height-default\" data-id=\"8f8a166\" data-element_type=\"section\" data-e-type=\"section\">\n\t\t\t\t\t\t<div class=\"elementor-container elementor-column-gap-default\">\n\t\t\t\t\t<div class=\"elementor-column elementor-col-50 elementor-top-column elementor-element elementor-element-f171301\" data-id=\"f171301\" data-element_type=\"column\" data-e-type=\"column\">\n\t\t\t<div class=\"elementor-widget-wrap elementor-element-populated\">\n\t\t\t\t\t\t<div class=\"elementor-element elementor-element-cb36242 elementor-widget__width-initial elementor-widget elementor-widget-image\" data-id=\"cb36242\" data-element_type=\"widget\" data-e-type=\"widget\" data-widget_type=\"image.default\">\n\t\t\t\t<div class=\"elementor-widget-container\">\n\t\t\t\t\t\t\t\t\t\t\t\t\t\t\t<img fetchpriority=\"high\" decoding=\"async\" width=\"882\" height=\"1024\" src=\"https:\/\/muellerarb.com\/wp-content\/uploads\/2024\/08\/Corporativo-Antara-Torre-I-1.webp\" class=\"attachment-full size-full wp-image-4231\" alt=\"Corporativo Antara Torre I\" srcset=\"https:\/\/muellerarb.com\/wp-content\/uploads\/2024\/08\/Corporativo-Antara-Torre-I-1.webp 882w, https:\/\/muellerarb.com\/wp-content\/uploads\/2024\/08\/Corporativo-Antara-Torre-I-1-258x300.webp 258w, https:\/\/muellerarb.com\/wp-content\/uploads\/2024\/08\/Corporativo-Antara-Torre-I-1-768x892.webp 768w, https:\/\/muellerarb.com\/wp-content\/uploads\/2024\/08\/Corporativo-Antara-Torre-I-1-560x650.webp 560w\" sizes=\"(max-width: 882px) 100vw, 882px\" \/>\t\t\t\t\t\t\t\t\t\t\t\t\t\t\t<\/div>\n\t\t\t\t<\/div>\n\t\t\t\t\t<\/div>\n\t\t<\/div>\n\t\t\t\t<div class=\"elementor-column elementor-col-50 elementor-top-column elementor-element elementor-element-f6bf952\" data-id=\"f6bf952\" data-element_type=\"column\" data-e-type=\"column\">\n\t\t\t<div class=\"elementor-widget-wrap elementor-element-populated\">\n\t\t\t\t\t\t<div class=\"elementor-element elementor-element-97000c8 elementor-widget elementor-widget-google_maps\" data-id=\"97000c8\" data-element_type=\"widget\" data-e-type=\"widget\" data-widget_type=\"google_maps.default\">\n\t\t\t\t<div class=\"elementor-widget-container\">\n\t\t\t\t\t\t\t<div class=\"elementor-custom-embed\">\n\t\t\t<iframe loading=\"lazy\"\n\t\t\t\t\tsrc=\"https:\/\/maps.google.com\/maps?q=Avenida%20Ej%C3%A9rcito%20Nacional%20%23843-B%2C%20Piso%205-A%2C%20Miguel%20Hidalgo%2C%20C.P.%201152%2C%20CDMX%2C%20M%C3%A9xico.&#038;t=m&#038;z=15&#038;output=embed&#038;iwloc=near\"\n\t\t\t\t\ttitle=\"Avenue Ej\u00e9rcito Nacional #843-B, Floor 5-A, Miguel Hidalgo, C.P. 11520, CDMX, Mexico.\"\n\t\t\t\t\taria-label=\"Avenue Ej\u00e9rcito Nacional #843-B, Floor 5-A, Miguel Hidalgo, C.P. 11520, CDMX, Mexico.\"\n\t\t\t><\/iframe>\n\t\t<\/div>\n\t\t\t\t\t\t<\/div>\n\t\t\t\t<\/div>\n\t\t\t\t\t<\/div>\n\t\t<\/div>\n\t\t\t\t\t<\/div>\n\t\t<\/section>\n\t\t\t\t<\/div>","protected":false},"excerpt":{"rendered":"<p>Contacto Corporativo Antara Torre I Avenida Ej\u00e9rcito Nacional #843-B, Piso 5-A, Miguel Hidalgo, C.P. 11520, CDMX, M\u00e9xico.\u00a0 +52 (55) 800 017 50 [&hellip;]<\/p>","protected":false},"author":1,"featured_media":0,"parent":0,"menu_order":0,"comment_status":"closed","ping_status":"closed","template":"","meta":{"footnotes":""},"class_list":["post-1019","page","type-page","status-publish","hentry"],"yoast_head":"<!-- This site is optimized with the Yoast SEO plugin v27.6 - https:\/\/yoast.com\/product\/yoast-seo-wordpress\/ -->\n<title>Contacto - Christa Mueller - Abogada Experta en Arbitraje Internacional | Especialista en Energ\u00eda, Hidrocarburos e Infraestructura<\/title>\n<meta name=\"description\" content=\"Cont\u00e1cta a Christa Mueller Garc\u00eda. Solicita asesor\u00eda legal personalizada en derecho penal, arbitraje internacional y litigio estrat\u00e9gico. \u00a1Estamos para ayudarte!\" \/>\n<meta name=\"robots\" content=\"index, follow, max-snippet:-1, max-image-preview:large, max-video-preview:-1\" \/>\n<link rel=\"canonical\" href=\"https:\/\/muellerarb.com\/en\/contacto\/\" \/>\n<meta property=\"og:locale\" content=\"en_US\" \/>\n<meta property=\"og:type\" content=\"article\" \/>\n<meta property=\"og:title\" content=\"Contacto - Christa Mueller - Abogada Experta en Arbitraje Internacional | Especialista en Energ\u00eda, Hidrocarburos e Infraestructura\" \/>\n<meta property=\"og:description\" content=\"Cont\u00e1cta a Christa Mueller Garc\u00eda. Solicita asesor\u00eda legal personalizada en derecho penal, arbitraje internacional y litigio estrat\u00e9gico. \u00a1Estamos para ayudarte!\" \/>\n<meta property=\"og:url\" content=\"https:\/\/muellerarb.com\/en\/contacto\/\" \/>\n<meta property=\"og:site_name\" content=\"Christa Mueller - Abogada Experta en Arbitraje Internacional | Especialista en Energ\u00eda, Hidrocarburos e Infraestructura\" \/>\n<meta property=\"article:modified_time\" content=\"2025-08-18T22:33:00+00:00\" \/>\n<meta property=\"og:image\" content=\"https:\/\/muellerarb.com\/wp-content\/uploads\/2024\/08\/Corporativo-Antara-Torre-I-1.webp\" \/>\n\t<meta property=\"og:image:width\" content=\"882\" \/>\n\t<meta property=\"og:image:height\" content=\"1024\" \/>\n\t<meta property=\"og:image:type\" content=\"image\/webp\" \/>\n<meta name=\"twitter:card\" content=\"summary_large_image\" \/>\n<meta name=\"twitter:label1\" content=\"Est. reading time\" \/>\n\t<meta name=\"twitter:data1\" content=\"1 minute\" \/>\n<script type=\"application\/ld+json\" class=\"yoast-schema-graph\">{\"@context\":\"https:\\\/\\\/schema.org\",\"@graph\":[{\"@type\":\"WebPage\",\"@id\":\"https:\\\/\\\/muellerarb.com\\\/contacto\\\/\",\"url\":\"https:\\\/\\\/muellerarb.com\\\/contacto\\\/\",\"name\":\"Contacto - Christa Mueller - Abogada Experta en Arbitraje Internacional | Especialista en Energ\u00eda, Hidrocarburos e Infraestructura\",\"isPartOf\":{\"@id\":\"https:\\\/\\\/muellerarb.com\\\/#website\"},\"primaryImageOfPage\":{\"@id\":\"https:\\\/\\\/muellerarb.com\\\/contacto\\\/#primaryimage\"},\"image\":{\"@id\":\"https:\\\/\\\/muellerarb.com\\\/contacto\\\/#primaryimage\"},\"thumbnailUrl\":\"https:\\\/\\\/muellerarb.com\\\/wp-content\\\/uploads\\\/2024\\\/08\\\/Corporativo-Antara-Torre-I-1.webp\",\"datePublished\":\"2024-08-10T19:26:44+00:00\",\"dateModified\":\"2025-08-18T22:33:00+00:00\",\"description\":\"Cont\u00e1cta a Christa Mueller Garc\u00eda. Solicita asesor\u00eda legal personalizada en derecho penal, arbitraje internacional y litigio estrat\u00e9gico. \u00a1Estamos para ayudarte!\",\"breadcrumb\":{\"@id\":\"https:\\\/\\\/muellerarb.com\\\/contacto\\\/#breadcrumb\"},\"inLanguage\":\"en-US\",\"potentialAction\":[{\"@type\":\"ReadAction\",\"target\":[\"https:\\\/\\\/muellerarb.com\\\/contacto\\\/\"]}]},{\"@type\":\"ImageObject\",\"inLanguage\":\"en-US\",\"@id\":\"https:\\\/\\\/muellerarb.com\\\/contacto\\\/#primaryimage\",\"url\":\"https:\\\/\\\/muellerarb.com\\\/wp-content\\\/uploads\\\/2024\\\/08\\\/Corporativo-Antara-Torre-I-1.webp\",\"contentUrl\":\"https:\\\/\\\/muellerarb.com\\\/wp-content\\\/uploads\\\/2024\\\/08\\\/Corporativo-Antara-Torre-I-1.webp\"},{\"@type\":\"BreadcrumbList\",\"@id\":\"https:\\\/\\\/muellerarb.com\\\/contacto\\\/#breadcrumb\",\"itemListElement\":[{\"@type\":\"ListItem\",\"position\":1,\"name\":\"Home\",\"item\":\"https:\\\/\\\/muellerarb.com\\\/\"},{\"@type\":\"ListItem\",\"position\":2,\"name\":\"Contacto\"}]},{\"@type\":\"WebSite\",\"@id\":\"https:\\\/\\\/muellerarb.com\\\/#website\",\"url\":\"https:\\\/\\\/muellerarb.com\\\/\",\"name\":\"Christa Mueller Garc\u00eda | Arbitro Internacional\",\"description\":\"\u25b6\ufe0f Christa Mueller, abogada triling\u00fce con base en Ciudad de M\u00e9xico, especialista en arbitraje legal para empresas de energ\u00eda, hidrocarburos e infraestructura a nivel internacional.\",\"publisher\":{\"@id\":\"https:\\\/\\\/muellerarb.com\\\/#\\\/schema\\\/person\\\/2d378d10f897e07a87d961537a8c1740\"},\"alternateName\":\"Christa Mueller Arbitration\",\"potentialAction\":[{\"@type\":\"SearchAction\",\"target\":{\"@type\":\"EntryPoint\",\"urlTemplate\":\"https:\\\/\\\/muellerarb.com\\\/?s={search_term_string}\"},\"query-input\":{\"@type\":\"PropertyValueSpecification\",\"valueRequired\":true,\"valueName\":\"search_term_string\"}}],\"inLanguage\":\"en-US\"},{\"@type\":[\"Person\",\"Organization\"],\"@id\":\"https:\\\/\\\/muellerarb.com\\\/#\\\/schema\\\/person\\\/2d378d10f897e07a87d961537a8c1740\",\"name\":\"Christa Mueller\",\"image\":{\"@type\":\"ImageObject\",\"inLanguage\":\"en-US\",\"@id\":\"https:\\\/\\\/muellerarb.com\\\/wp-content\\\/uploads\\\/2024\\\/01\\\/Mueller-logo-principal-1-1.svg\",\"url\":\"https:\\\/\\\/muellerarb.com\\\/wp-content\\\/uploads\\\/2024\\\/01\\\/Mueller-logo-principal-1-1.svg\",\"contentUrl\":\"https:\\\/\\\/muellerarb.com\\\/wp-content\\\/uploads\\\/2024\\\/01\\\/Mueller-logo-principal-1-1.svg\",\"width\":819,\"height\":300,\"caption\":\"Christa Mueller\"},\"logo\":{\"@id\":\"https:\\\/\\\/muellerarb.com\\\/wp-content\\\/uploads\\\/2024\\\/01\\\/Mueller-logo-principal-1-1.svg\"},\"sameAs\":[\"https:\\\/\\\/muellerarb.com\"]}]}<\/script>\n<!-- \/ Yoast SEO plugin. -->","yoast_head_json":{"title":"Contacto - Christa Mueller - Abogada Experta en Arbitraje Internacional | Especialista en Energ\u00eda, Hidrocarburos e Infraestructura","description":"Cont\u00e1cta a Christa Mueller Garc\u00eda. Solicita asesor\u00eda legal personalizada en derecho penal, arbitraje internacional y litigio estrat\u00e9gico. \u00a1Estamos para ayudarte!","robots":{"index":"index","follow":"follow","max-snippet":"max-snippet:-1","max-image-preview":"max-image-preview:large","max-video-preview":"max-video-preview:-1"},"canonical":"https:\/\/muellerarb.com\/en\/contacto\/","og_locale":"en_US","og_type":"article","og_title":"Contacto - Christa Mueller - Abogada Experta en Arbitraje Internacional | Especialista en Energ\u00eda, Hidrocarburos e Infraestructura","og_description":"Cont\u00e1cta a Christa Mueller Garc\u00eda. Solicita asesor\u00eda legal personalizada en derecho penal, arbitraje internacional y litigio estrat\u00e9gico. \u00a1Estamos para ayudarte!","og_url":"https:\/\/muellerarb.com\/en\/contacto\/","og_site_name":"Christa Mueller - Abogada Experta en Arbitraje Internacional | Especialista en Energ\u00eda, Hidrocarburos e Infraestructura","article_modified_time":"2025-08-18T22:33:00+00:00","og_image":[{"width":882,"height":1024,"url":"https:\/\/muellerarb.com\/wp-content\/uploads\/2024\/08\/Corporativo-Antara-Torre-I-1.webp","type":"image\/webp"}],"twitter_card":"summary_large_image","twitter_misc":{"Est. reading time":"1 minute"},"schema":{"@context":"https:\/\/schema.org","@graph":[{"@type":"WebPage","@id":"https:\/\/muellerarb.com\/contacto\/","url":"https:\/\/muellerarb.com\/contacto\/","name":"Contacto - Christa Mueller - Abogada Experta en Arbitraje Internacional | Especialista en Energ\u00eda, Hidrocarburos e Infraestructura","isPartOf":{"@id":"https:\/\/muellerarb.com\/#website"},"primaryImageOfPage":{"@id":"https:\/\/muellerarb.com\/contacto\/#primaryimage"},"image":{"@id":"https:\/\/muellerarb.com\/contacto\/#primaryimage"},"thumbnailUrl":"https:\/\/muellerarb.com\/wp-content\/uploads\/2024\/08\/Corporativo-Antara-Torre-I-1.webp","datePublished":"2024-08-10T19:26:44+00:00","dateModified":"2025-08-18T22:33:00+00:00","description":"Cont\u00e1cta a Christa Mueller Garc\u00eda. Solicita asesor\u00eda legal personalizada en derecho penal, arbitraje internacional y litigio estrat\u00e9gico. \u00a1Estamos para ayudarte!","breadcrumb":{"@id":"https:\/\/muellerarb.com\/contacto\/#breadcrumb"},"inLanguage":"en-US","potentialAction":[{"@type":"ReadAction","target":["https:\/\/muellerarb.com\/contacto\/"]}]},{"@type":"ImageObject","inLanguage":"en-US","@id":"https:\/\/muellerarb.com\/contacto\/#primaryimage","url":"https:\/\/muellerarb.com\/wp-content\/uploads\/2024\/08\/Corporativo-Antara-Torre-I-1.webp","contentUrl":"https:\/\/muellerarb.com\/wp-content\/uploads\/2024\/08\/Corporativo-Antara-Torre-I-1.webp"},{"@type":"BreadcrumbList","@id":"https:\/\/muellerarb.com\/contacto\/#breadcrumb","itemListElement":[{"@type":"ListItem","position":1,"name":"Home","item":"https:\/\/muellerarb.com\/"},{"@type":"ListItem","position":2,"name":"Contacto"}]},{"@type":"WebSite","@id":"https:\/\/muellerarb.com\/#website","url":"https:\/\/muellerarb.com\/","name":"Christa Mueller Garc\u00eda | Arbitro Internacional","description":"\u25b6\ufe0f Christa Mueller, abogada triling\u00fce con base en Ciudad de M\u00e9xico, especialista en arbitraje legal para empresas de energ\u00eda, hidrocarburos e infraestructura a nivel internacional.","publisher":{"@id":"https:\/\/muellerarb.com\/#\/schema\/person\/2d378d10f897e07a87d961537a8c1740"},"alternateName":"Christa Mueller Arbitration","potentialAction":[{"@type":"SearchAction","target":{"@type":"EntryPoint","urlTemplate":"https:\/\/muellerarb.com\/?s={search_term_string}"},"query-input":{"@type":"PropertyValueSpecification","valueRequired":true,"valueName":"search_term_string"}}],"inLanguage":"en-US"},{"@type":["Person","Organization"],"@id":"https:\/\/muellerarb.com\/#\/schema\/person\/2d378d10f897e07a87d961537a8c1740","name":"Christa Mueller","image":{"@type":"ImageObject","inLanguage":"en-US","@id":"https:\/\/muellerarb.com\/wp-content\/uploads\/2024\/01\/Mueller-logo-principal-1-1.svg","url":"https:\/\/muellerarb.com\/wp-content\/uploads\/2024\/01\/Mueller-logo-principal-1-1.svg","contentUrl":"https:\/\/muellerarb.com\/wp-content\/uploads\/2024\/01\/Mueller-logo-principal-1-1.svg","width":819,"height":300,"caption":"Christa Mueller"},"logo":{"@id":"https:\/\/muellerarb.com\/wp-content\/uploads\/2024\/01\/Mueller-logo-principal-1-1.svg"},"sameAs":["https:\/\/muellerarb.com"]}]}},"_links":{"self":[{"href":"https:\/\/muellerarb.com\/en\/wp-json\/wp\/v2\/pages\/1019","targetHints":{"allow":["GET"]}}],"collection":[{"href":"https:\/\/muellerarb.com\/en\/wp-json\/wp\/v2\/pages"}],"about":[{"href":"https:\/\/muellerarb.com\/en\/wp-json\/wp\/v2\/types\/page"}],"author":[{"embeddable":true,"href":"https:\/\/muellerarb.com\/en\/wp-json\/wp\/v2\/users\/1"}],"replies":[{"embeddable":true,"href":"https:\/\/muellerarb.com\/en\/wp-json\/wp\/v2\/comments?post=1019"}],"version-history":[{"count":227,"href":"https:\/\/muellerarb.com\/en\/wp-json\/wp\/v2\/pages\/1019\/revisions"}],"predecessor-version":[{"id":5996,"href":"https:\/\/muellerarb.com\/en\/wp-json\/wp\/v2\/pages\/1019\/revisions\/5996"}],"wp:attachment":[{"href":"https:\/\/muellerarb.com\/en\/wp-json\/wp\/v2\/media?parent=1019"}],"curies":[{"name":"wp","href":"https:\/\/api.w.org\/{rel}","templated":true}]}}